{"id":1187,"date":"2023-05-09T14:08:05","date_gmt":"2023-05-09T12:08:05","guid":{"rendered":"https:\/\/filzwieser-new.amore.raidberry.com\/tpu-film\/"},"modified":"2024-08-19T08:52:34","modified_gmt":"2024-08-19T06:52:34","slug":"tpu-film","status":"publish","type":"page","link":"https:\/\/filzwieser.eu\/en\/what-we-do\/slides\/tpu-film\/","title":{"rendered":"TPU film"},"content":{"rendered":"\n<h2>\n\t\tFolientypen \/ Datenbl\u00e4tter\n\t<\/h2>\n\t\t\t<a href=\"https:\/\/filzwieser.eu\/wp-content\/uploads\/2023\/07\/Thea-TPU-Monofolie-Shore-85A-_-DE.pdf\" target=\"_blank\" rel=\"noopener\">\n\t\t\t\t\t\t\tThea TPU Monofolie Shore 85A\n\t\t\t<\/a>\n\t\t\t<a href=\"https:\/\/filzwieser.eu\/wp-content\/uploads\/2023\/07\/Helene-TPU-Monofolie-Shore-54D-_-DE.pdf\" target=\"_blank\" rel=\"noopener\">\n\t\t\t\t\t\t\tHelene TPU Monofolie Shore 54D\n\t\t\t<\/a>\n\t\t\t<a href=\"https:\/\/filzwieser.eu\/wp-content\/uploads\/2023\/07\/Ebba-TPU-Folie-mit-Sperrschicht-_-DE.pdf\" target=\"_blank\" rel=\"noopener\">\n\t\t\t\t\t\t\tEbba TPU Folie mit Sperrschicht \n\t\t\t<\/a>\n\t\t\t<a href=\"https:\/\/filzwieser.eu\/wp-content\/uploads\/2023\/07\/Agnes-TPU-Monofolie-Shore-80A-_-EN.pdf\" target=\"_blank\" rel=\"noopener\">\n\t\t\t\t\t\t\tAgnes TPU Monofolie Shore 80A\n\t\t\t<\/a>\n\t\t\t<a href=\"https:\/\/filzwieser.eu\/wp-content\/uploads\/2023\/07\/Paula-TPU-Monofolie-48D-_-EN.pdf\" target=\"_blank\" rel=\"noopener\">\n\t\t\t\t\t\t\tPaula TPU Monofolie 48D \n\t\t\t<\/a>\n\t\t\t<a href=\"https:\/\/filzwieser.eu\/wp-content\/uploads\/2023\/07\/Marion-TPU-Medical-Grade-80A-blau-_-EN.pdf\" target=\"_blank\" rel=\"noopener\">\n\t\t\t\t\t\t\tMarion TPU Medical Grade 80A blau\n\t\t\t<\/a>\n<h1>\n\t\tTPU Folien\n\t<\/h1>\n<h2>\n\t\tM\u00f6gliche Anwendungen\n\t<\/h2>\n\t<p>Keine Folie ist so anspruchsvoll wie TPU Folie (Thermoplastisches Polyurethan). Die perfekte Aufgabe f\u00fcr Filzwieser. Herausfordernd in der Verarbeitung, sehr vielseitig in der Anwendung. Ob aromatisch oder aliphatisch, ob weich oder hart, flammgesch\u00fctzt oder an Ihre Bed\u00fcrfnisse speziell angepasst.<\/p>\n<p>Wenn unser aktuelles Sortiment nicht zu Ihren Anforderungen passt, entwickeln wir gerne Ihre Folie nach Ihren individuellen Anforderungen.<\/p>\n<h2>\n\t\tWesentliche Eigenschaften\n\t<\/h2>\n\tDurch enge Kooperationen mit den Rohstoffherstellern und Partnern entlang der gesamten Wertsch\u00f6pfungskette erzielen wir optimale Ergebnisse: sehr gute chemische Best\u00e4ndigkeit, hohe Widerstandsf\u00e4higekeit und sehr gute Kratzfestigkeit. TPU, vielf\u00e4ltig und herausfordernd. Ein Werkstoff, der das Herz jedes Entwickler h\u00f6herschlagen l\u00e4sst.<br \/>\n\u00dcbrigens: Im Gegensatz zu anderen k\u00f6nnen wir diese Folie vergleichsweise d\u00fcnn extrudieren &#8211; so sind auch 0,200 mm und d\u00fcnner (je nach Rahmenbedingungen) umsetzbar.\n\n","protected":false},"excerpt":{"rendered":"<p>Folientypen \/ Datenbl\u00e4tter Thea TPU Monofolie Shore 85A Helene TPU Monofolie Shore 54D Ebba TPU Folie mit Sperrschicht Agnes TPU Monofolie Shore 80A Paula TPU Monofolie 48D Marion TPU Medical Grade 80A blau TPU Folien M\u00f6gliche Anwendungen Keine Folie ist so anspruchsvoll wie TPU Folie (Thermoplastisches Polyurethan). Die perfekte Aufgabe f\u00fcr Filzwieser. Herausfordernd in der&hellip;<\/p>\n","protected":false},"author":2,"featured_media":0,"parent":1192,"menu_order":0,"comment_status":"closed","ping_status":"closed","template":"","meta":{"slim_seo":{"description":"Very good chemical resistance, high durability and very good scratch resistance. TPU, diverse and challenging.","title":"TPU film - Industrietechnik Filzwieser"},"footnotes":""},"class_list":["post-1187","page","type-page","status-publish","hentry"],"_links":{"self":[{"href":"https:\/\/filzwieser.eu\/en\/wp-json\/wp\/v2\/pages\/1187","targetHints":{"allow":["GET"]}}],"collection":[{"href":"https:\/\/filzwieser.eu\/en\/wp-json\/wp\/v2\/pages"}],"about":[{"href":"https:\/\/filzwieser.eu\/en\/wp-json\/wp\/v2\/types\/page"}],"author":[{"embeddable":true,"href":"https:\/\/filzwieser.eu\/en\/wp-json\/wp\/v2\/users\/2"}],"replies":[{"embeddable":true,"href":"https:\/\/filzwieser.eu\/en\/wp-json\/wp\/v2\/comments?post=1187"}],"version-history":[{"count":4,"href":"https:\/\/filzwieser.eu\/en\/wp-json\/wp\/v2\/pages\/1187\/revisions"}],"predecessor-version":[{"id":2653,"href":"https:\/\/filzwieser.eu\/en\/wp-json\/wp\/v2\/pages\/1187\/revisions\/2653"}],"up":[{"embeddable":true,"href":"https:\/\/filzwieser.eu\/en\/wp-json\/wp\/v2\/pages\/1192"}],"wp:attachment":[{"href":"https:\/\/filzwieser.eu\/en\/wp-json\/wp\/v2\/media?parent=1187"}],"curies":[{"name":"wp","href":"https:\/\/api.w.org\/{rel}","templated":true}]}}